{"id":52,"date":"2020-12-18T07:20:08","date_gmt":"2020-12-18T06:20:08","guid":{"rendered":"https:\/\/www.seniormagazin.sk\/?page_id=52"},"modified":"2026-04-03T20:20:51","modified_gmt":"2026-04-03T18:20:51","slug":"aktualne-cislo","status":"publish","type":"page","link":"https:\/\/www.seniormagazin.sk\/?page_id=52","title":{"rendered":"Aktu\u00e1lne \u010d\u00edslo"},"content":{"rendered":"\n<h2 class=\"wp-block-heading has-text-align-center\">Apr\u00edl 2026<\/h2>\n\n\n\n<figure class=\"wp-block-gallery aligncenter has-nested-images columns-default is-cropped wp-block-gallery-1 is-layout-flex wp-block-gallery-is-layout-flex\">\n<figure class=\"wp-block-image size-full\"><img loading=\"lazy\" decoding=\"async\" width=\"1539\" height=\"2048\" data-id=\"1392\" src=\"https:\/\/www.seniormagazin.sk\/wp-content\/uploads\/2026\/04\/658273848_122236193294251791_3751136898456621699_n.jpg\" alt=\"\" class=\"wp-image-1392\" srcset=\"https:\/\/www.seniormagazin.sk\/wp-content\/uploads\/2026\/04\/658273848_122236193294251791_3751136898456621699_n.jpg 1539w, https:\/\/www.seniormagazin.sk\/wp-content\/uploads\/2026\/04\/658273848_122236193294251791_3751136898456621699_n-225x300.jpg 225w, https:\/\/www.seniormagazin.sk\/wp-content\/uploads\/2026\/04\/658273848_122236193294251791_3751136898456621699_n-770x1024.jpg 770w, https:\/\/www.seniormagazin.sk\/wp-content\/uploads\/2026\/04\/658273848_122236193294251791_3751136898456621699_n-768x1022.jpg 768w, https:\/\/www.seniormagazin.sk\/wp-content\/uploads\/2026\/04\/658273848_122236193294251791_3751136898456621699_n-1154x1536.jpg 1154w, https:\/\/www.seniormagazin.sk\/wp-content\/uploads\/2026\/04\/658273848_122236193294251791_3751136898456621699_n-370x491.jpg 370w\" sizes=\"auto, (max-width: 1539px) 100vw, 1539px\" \/><\/figure>\n<\/figure>\n\n\n\n<p><strong>Predpla\u0165te si Senior magaz\u00edn r\u00fdchlo a jednoducho!<\/strong><\/p>\n\n\n\n<figure class=\"wp-block-embed is-type-wp-embed is-provider-ares-distrib-cia-asopisov wp-block-embed-ares-distrib-cia-asopisov\"><div class=\"wp-block-embed__wrapper\">\n<blockquote class=\"wp-embedded-content\" data-secret=\"WotWrDms2u\"><a href=\"https:\/\/www.distribuciacasopisov.sk\/produkty\/casopisy-na-volny-cas\/senior-magazin\/\">Senior magaz\u00edn<\/a><\/blockquote><iframe loading=\"lazy\" class=\"wp-embedded-content\" sandbox=\"allow-scripts\" security=\"restricted\" style=\"position: absolute; visibility: hidden;\" title=\"&#8220;Senior magaz\u00edn&#8221; &#8212; ARES Distrib\u00facia \u010dasopisov\" src=\"https:\/\/www.distribuciacasopisov.sk\/produkty\/casopisy-na-volny-cas\/senior-magazin\/embed\/#?secret=rTPqqb7pdp#?secret=WotWrDms2u\" data-secret=\"WotWrDms2u\" width=\"600\" height=\"338\" frameborder=\"0\" marginwidth=\"0\" marginheight=\"0\" scrolling=\"no\"><\/iframe>\n<\/div><\/figure>\n\n\n\n<div class=\"wp-block-media-text alignwide is-stacked-on-mobile\"><figure class=\"wp-block-media-text__media\"><img loading=\"lazy\" decoding=\"async\" width=\"683\" height=\"1024\" src=\"https:\/\/www.seniormagazin.sk\/wp-content\/uploads\/2026\/04\/bajanik-683x1024.jpeg\" alt=\"\" class=\"wp-image-1393 size-full\" srcset=\"https:\/\/www.seniormagazin.sk\/wp-content\/uploads\/2026\/04\/bajanik-683x1024.jpeg 683w, https:\/\/www.seniormagazin.sk\/wp-content\/uploads\/2026\/04\/bajanik-200x300.jpeg 200w, https:\/\/www.seniormagazin.sk\/wp-content\/uploads\/2026\/04\/bajanik-768x1151.jpeg 768w, https:\/\/www.seniormagazin.sk\/wp-content\/uploads\/2026\/04\/bajanik-1025x1536.jpeg 1025w, https:\/\/www.seniormagazin.sk\/wp-content\/uploads\/2026\/04\/bajanik-1366x2048.jpeg 1366w, https:\/\/www.seniormagazin.sk\/wp-content\/uploads\/2026\/04\/bajanik-scaled.jpeg 1708w\" sizes=\"auto, (max-width: 683px) 100vw, 683px\" \/><\/figure><div class=\"wp-block-media-text__content\">\n<p class=\"has-small-font-size\"><br><br><br><br><br><br><br><br>Ak\u00fd je moder\u00e1tor hlavn\u00fdch ve\u010dern\u00fdch nov\u00edn na STVR \u013dUBO BAJAN\u00cdK? Ako si spom\u00edna na svoje prv\u00e9 vysielanie, ak\u00e9 mal detstvo a\u00a0\u010do v\u0161etko ho zauj\u00edma? Pre\u010d\u00edtate si v\u00a0apr\u00edlovom vydan\u00ed Senior magaz\u00ednu.<\/p>\n<\/div><\/div>\n\n\n\n<div class=\"wp-block-media-text alignwide has-media-on-the-right is-stacked-on-mobile\"><div class=\"wp-block-media-text__content\">\n<p class=\"has-small-font-size\"><br><br><br><br><br><br><br><br>\u013dudsk\u00e9 telo sa po \u0161es\u0165desiatke sa za\u010d\u00edna meni\u0165. \u010clovek zrazu potrebuje viac odpo\u010dinku, svaly reaguj\u00fa pomal\u0161ie, zrak sa zhor\u0161uje a niektor\u00e9 jedl\u00e1 u\u017e nezn\u00e1\u0161ame tak ako kedysi. D\u00e1 sa STARNUTIE spomali\u0165?<\/p>\n<\/div><figure class=\"wp-block-media-text__media\"><img loading=\"lazy\" decoding=\"async\" width=\"986\" height=\"1024\" src=\"https:\/\/www.seniormagazin.sk\/wp-content\/uploads\/2026\/04\/starnutie-986x1024.jpg\" alt=\"\" class=\"wp-image-1400 size-full\" srcset=\"https:\/\/www.seniormagazin.sk\/wp-content\/uploads\/2026\/04\/starnutie-986x1024.jpg 986w, https:\/\/www.seniormagazin.sk\/wp-content\/uploads\/2026\/04\/starnutie-289x300.jpg 289w, https:\/\/www.seniormagazin.sk\/wp-content\/uploads\/2026\/04\/starnutie-768x797.jpg 768w, https:\/\/www.seniormagazin.sk\/wp-content\/uploads\/2026\/04\/starnutie-1480x1536.jpg 1480w, https:\/\/www.seniormagazin.sk\/wp-content\/uploads\/2026\/04\/starnutie-1973x2048.jpg 1973w\" sizes=\"auto, (max-width: 986px) 100vw, 986px\" \/><\/figure><\/div>\n\n\n\n<div class=\"wp-block-media-text alignwide is-stacked-on-mobile\"><figure class=\"wp-block-media-text__media\"><img loading=\"lazy\" decoding=\"async\" width=\"1024\" height=\"682\" src=\"https:\/\/www.seniormagazin.sk\/wp-content\/uploads\/2026\/04\/putovanie-slovenskom-1024x682.jpeg\" alt=\"\" class=\"wp-image-1401 size-full\" srcset=\"https:\/\/www.seniormagazin.sk\/wp-content\/uploads\/2026\/04\/putovanie-slovenskom-1024x682.jpeg 1024w, https:\/\/www.seniormagazin.sk\/wp-content\/uploads\/2026\/04\/putovanie-slovenskom-300x200.jpeg 300w, https:\/\/www.seniormagazin.sk\/wp-content\/uploads\/2026\/04\/putovanie-slovenskom-768x512.jpeg 768w, https:\/\/www.seniormagazin.sk\/wp-content\/uploads\/2026\/04\/putovanie-slovenskom-1536x1023.jpeg 1536w, https:\/\/www.seniormagazin.sk\/wp-content\/uploads\/2026\/04\/putovanie-slovenskom-2048x1365.jpeg 2048w, https:\/\/www.seniormagazin.sk\/wp-content\/uploads\/2026\/04\/putovanie-slovenskom-450x300.jpeg 450w\" sizes=\"auto, (max-width: 1024px) 100vw, 1024px\" \/><\/figure><div class=\"wp-block-media-text__content\">\n<p class=\"has-small-font-size\"><br><br><br><br><br><br><br><br>Na juhu Slovenska na\u0161a najdlh\u0161ia rieka V\u00e1h kon\u010d\u00ed svoju p\u00fa\u0165 a\u00a0vlieva sa do Dunaja \u2013 jednej z najv\u00e4\u010d\u0161\u00edch eur\u00f3pskych riek. Ich s\u00fatok je symbolom spojenia \u2013 vody, n\u00e1rodov, hist\u00f3rie i bud\u00facnosti. A pr\u00e1ve tu sme sa zastavili pri PUTOVAN\u00cd SLOVENSKOM.<\/p>\n<\/div><\/div>\n\n\n\n<div class=\"wp-block-media-text alignwide has-media-on-the-right is-stacked-on-mobile\"><div class=\"wp-block-media-text__content\">\n<p class=\"has-small-font-size\"><br><br><br><br><br><br><br><br>ZUZANA BYD\u017dOVSK\u00c1 je vynikaj\u00faca \u010desk\u00e1 here\u010dka, ktor\u00e1 sa vyh\u00fdba publicite a\u00a0ve\u013ek\u00fdm gest\u00e1m a\u00a0na div\u00e1ka p\u00f4sob\u00ed ve\u013emi autenticky. Nie je \u201ehere\u010dkou na efekt\u201c. Je \u017eenou, ktor\u00e1 svoje postavy sk\u00f4r pre\u017e\u00edva, ne\u017e hr\u00e1 a\u00a0za sebou m\u00e1 mno\u017estvo skvel\u00fdch post\u00e1v.<\/p>\n<\/div><figure class=\"wp-block-media-text__media\"><img loading=\"lazy\" decoding=\"async\" width=\"1024\" height=\"716\" src=\"https:\/\/www.seniormagazin.sk\/wp-content\/uploads\/2026\/04\/bydzovska-1024x716.jpg\" alt=\"\" class=\"wp-image-1394 size-full\" srcset=\"https:\/\/www.seniormagazin.sk\/wp-content\/uploads\/2026\/04\/bydzovska-1024x716.jpg 1024w, https:\/\/www.seniormagazin.sk\/wp-content\/uploads\/2026\/04\/bydzovska-300x210.jpg 300w, https:\/\/www.seniormagazin.sk\/wp-content\/uploads\/2026\/04\/bydzovska-768x537.jpg 768w, https:\/\/www.seniormagazin.sk\/wp-content\/uploads\/2026\/04\/bydzovska-1536x1074.jpg 1536w, https:\/\/www.seniormagazin.sk\/wp-content\/uploads\/2026\/04\/bydzovska-2048x1431.jpg 2048w\" sizes=\"auto, (max-width: 1024px) 100vw, 1024px\" \/><\/figure><\/div>\n\n\n\n<div class=\"wp-block-media-text alignwide is-stacked-on-mobile\"><figure class=\"wp-block-media-text__media\"><img loading=\"lazy\" decoding=\"async\" width=\"1024\" height=\"683\" src=\"https:\/\/www.seniormagazin.sk\/wp-content\/uploads\/2026\/04\/sirotka-jpg-1024x683.jpg\" alt=\"\" class=\"wp-image-1402 size-full\" srcset=\"https:\/\/www.seniormagazin.sk\/wp-content\/uploads\/2026\/04\/sirotka-jpg-1024x683.jpg 1024w, https:\/\/www.seniormagazin.sk\/wp-content\/uploads\/2026\/04\/sirotka-jpg-300x200.jpg 300w, https:\/\/www.seniormagazin.sk\/wp-content\/uploads\/2026\/04\/sirotka-jpg-768x512.jpg 768w, https:\/\/www.seniormagazin.sk\/wp-content\/uploads\/2026\/04\/sirotka-jpg-1536x1024.jpg 1536w, https:\/\/www.seniormagazin.sk\/wp-content\/uploads\/2026\/04\/sirotka-jpg-2048x1365.jpg 2048w, https:\/\/www.seniormagazin.sk\/wp-content\/uploads\/2026\/04\/sirotka-jpg-450x300.jpg 450w\" sizes=\"auto, (max-width: 1024px) 100vw, 1024px\" \/><\/figure><div class=\"wp-block-media-text__content\">\n<p class=\"has-small-font-size\"><br><br><br><br><br><br><br><br>SIR\u00d4TKY nepatria medzi ve\u013ekolep\u00e9 z\u00e1hradn\u00e9 hviezdy, a predsa dok\u00e1\u017eu vytvori\u0165 jedine\u010dn\u00fa atmosf\u00e9ru jemnosti, farieb a \u017eivota. S\u00fa symbolom jari, vytrvalosti aj nen\u00e1padnej kr\u00e1sy. Ich najv\u00e4\u010d\u0161ou prednos\u0165ou je rozmanitos\u0165.<\/p>\n<\/div><\/div>\n\n\n\n<div class=\"wp-block-media-text alignwide has-media-on-the-right is-stacked-on-mobile\"><div class=\"wp-block-media-text__content\">\n<p class=\"has-small-font-size\"><br><br><br><br><br><br><br><br>SU\u0160EN\u00c9 SLIVKY s\u00fa nedocenen\u00fd poklad na dosah ruky a s\u00fa e\u0161te zdrav\u0161ie ako \u010derstv\u00e9. Patria medzi tzv. \u201esuperpotraviny\u201c a v\u00a0\u017eiadnom pr\u00edpade preto nepatria len do viano\u010dnej kapustnice. Pre seniorov s\u00fa mimoriadne zdrav\u00e9.<\/p>\n<\/div><figure class=\"wp-block-media-text__media\"><img loading=\"lazy\" decoding=\"async\" width=\"1024\" height=\"734\" src=\"https:\/\/www.seniormagazin.sk\/wp-content\/uploads\/2026\/04\/slivky-1024x734.jpg\" alt=\"\" class=\"wp-image-1403 size-full\" srcset=\"https:\/\/www.seniormagazin.sk\/wp-content\/uploads\/2026\/04\/slivky-1024x734.jpg 1024w, https:\/\/www.seniormagazin.sk\/wp-content\/uploads\/2026\/04\/slivky-300x215.jpg 300w, https:\/\/www.seniormagazin.sk\/wp-content\/uploads\/2026\/04\/slivky-768x550.jpg 768w, https:\/\/www.seniormagazin.sk\/wp-content\/uploads\/2026\/04\/slivky-1536x1101.jpg 1536w, https:\/\/www.seniormagazin.sk\/wp-content\/uploads\/2026\/04\/slivky-2048x1468.jpg 2048w\" sizes=\"auto, (max-width: 1024px) 100vw, 1024px\" \/><\/figure><\/div>\n\n\n\n<div class=\"wp-block-media-text alignwide is-stacked-on-mobile\"><figure class=\"wp-block-media-text__media\"><img loading=\"lazy\" decoding=\"async\" width=\"1024\" height=\"736\" src=\"https:\/\/www.seniormagazin.sk\/wp-content\/uploads\/2026\/04\/holandsko-1024x736.jpg\" alt=\"\" class=\"wp-image-1395 size-full\" srcset=\"https:\/\/www.seniormagazin.sk\/wp-content\/uploads\/2026\/04\/holandsko-1024x736.jpg 1024w, https:\/\/www.seniormagazin.sk\/wp-content\/uploads\/2026\/04\/holandsko-300x216.jpg 300w, https:\/\/www.seniormagazin.sk\/wp-content\/uploads\/2026\/04\/holandsko-768x552.jpg 768w, https:\/\/www.seniormagazin.sk\/wp-content\/uploads\/2026\/04\/holandsko-1536x1104.jpg 1536w, https:\/\/www.seniormagazin.sk\/wp-content\/uploads\/2026\/04\/holandsko-2048x1472.jpg 2048w\" sizes=\"auto, (max-width: 1024px) 100vw, 1024px\" \/><\/figure><div class=\"wp-block-media-text__content\">\n<p class=\"has-small-font-size\"><br><br><br><br><br><br><br><br>Ak existuje miesto, kde jar ka\u017ed\u00fd rok exploduje farbami, je to HOLANDSKO. Pr\u00e1ve v apr\u00edli sa t\u00e1to krajina men\u00ed na obrovsk\u00fa \u017eiv\u00fa paletu \u2013 krajinu \u010derven\u00fdch, \u017elt\u00fdch, fialov\u00fdch, ru\u017eov\u00fdch aj oran\u017eov\u00fdch pruhov, ktor\u00e9 sa tiahnu a\u017e po horizont. Je to \u010das, ke\u010f kvitn\u00fa tulip\u00e1ny.<\/p>\n<\/div><\/div>\n\n\n\n<div class=\"wp-block-media-text alignwide has-media-on-the-right is-stacked-on-mobile\"><div class=\"wp-block-media-text__content\">\n<p class=\"has-small-font-size\"><br><br><br><br><br><br><br><br>P\u00f4vodne mala by\u0165 farmaceutkou, no napokon zv\u00ed\u0165azilo spievanie. Po \u00faspechu v telev\u00edzii prv\u00fdkr\u00e1t na seba upozornila na festivale Oravsk\u00e9 synkopy v Istebnom. Mala 26 rokov a za sebou \u00faspech v talentovej s\u00fa\u0165a\u017ei. JANA KOCIANOV\u00c1 by mala 80. rokov&#8230;<\/p>\n<\/div><figure class=\"wp-block-media-text__media\"><img loading=\"lazy\" decoding=\"async\" width=\"683\" height=\"1024\" src=\"https:\/\/www.seniormagazin.sk\/wp-content\/uploads\/2026\/04\/kocianova-683x1024.jpg\" alt=\"\" class=\"wp-image-1397 size-full\" srcset=\"https:\/\/www.seniormagazin.sk\/wp-content\/uploads\/2026\/04\/kocianova-683x1024.jpg 683w, https:\/\/www.seniormagazin.sk\/wp-content\/uploads\/2026\/04\/kocianova-200x300.jpg 200w, https:\/\/www.seniormagazin.sk\/wp-content\/uploads\/2026\/04\/kocianova-768x1152.jpg 768w, https:\/\/www.seniormagazin.sk\/wp-content\/uploads\/2026\/04\/kocianova-1024x1536.jpg 1024w, https:\/\/www.seniormagazin.sk\/wp-content\/uploads\/2026\/04\/kocianova-1365x2048.jpg 1365w, https:\/\/www.seniormagazin.sk\/wp-content\/uploads\/2026\/04\/kocianova-scaled.jpg 1707w\" sizes=\"auto, (max-width: 683px) 100vw, 683px\" \/><\/figure><\/div>\n\n\n\n<div class=\"wp-block-media-text is-stacked-on-mobile\"><figure class=\"wp-block-media-text__media\"><img loading=\"lazy\" decoding=\"async\" width=\"672\" height=\"1024\" src=\"https:\/\/www.seniormagazin.sk\/wp-content\/uploads\/2026\/04\/kiahne-672x1024.jpg\" alt=\"\" class=\"wp-image-1396 size-full\" srcset=\"https:\/\/www.seniormagazin.sk\/wp-content\/uploads\/2026\/04\/kiahne-672x1024.jpg 672w, https:\/\/www.seniormagazin.sk\/wp-content\/uploads\/2026\/04\/kiahne-197x300.jpg 197w, https:\/\/www.seniormagazin.sk\/wp-content\/uploads\/2026\/04\/kiahne-768x1170.jpg 768w, https:\/\/www.seniormagazin.sk\/wp-content\/uploads\/2026\/04\/kiahne-1008x1536.jpg 1008w, https:\/\/www.seniormagazin.sk\/wp-content\/uploads\/2026\/04\/kiahne-1344x2048.jpg 1344w, https:\/\/www.seniormagazin.sk\/wp-content\/uploads\/2026\/04\/kiahne-scaled.jpg 1680w\" sizes=\"auto, (max-width: 672px) 100vw, 672px\" \/><\/figure><div class=\"wp-block-media-text__content\">\n<p class=\"has-small-font-size\"><br>Po st\u00e1ro\u010dia patrili medzi najob\u00e1vanej\u0161ie choroby sveta. Zab\u00edjali mili\u00f3ny \u013eud\u00ed, znetvorovali tv\u00e1re, oslepovali pre\u017eiv\u0161\u00edch a nerobili rozdiel medzi kr\u00e1\u013emi a\u00a0chudobn\u00fdmi. PRAV\u00c9 KIAHNE boli jednou z najni\u010divej\u0161\u00edch epid\u00e9mi\u00ed v dejin\u00e1ch \u013eudstva.<\/p>\n<\/div><\/div>\n\n\n\n<div class=\"wp-block-media-text has-media-on-the-right is-stacked-on-mobile\"><div class=\"wp-block-media-text__content\">\n<p class=\"has-small-font-size\"><br>Vysoko v peru\u00e1nskych And\u00e1ch, v nadmorskej v\u00fd\u0161ke pribli\u017ene 2 430 metrov, sa nad \u00fadol\u00edm rieky t\u00fd\u010di jedno z najz\u00e1hadnej\u0161\u00edch miest sveta. Kamenn\u00e9 terasy, schodisk\u00e1 a chr\u00e1my sa vyn\u00e1raj\u00fa z hmly ako kulisy z d\u00e1vneho sna. MACHU PICCHU.<\/p>\n<\/div><figure class=\"wp-block-media-text__media\"><img loading=\"lazy\" decoding=\"async\" width=\"1024\" height=\"697\" src=\"https:\/\/www.seniormagazin.sk\/wp-content\/uploads\/2026\/04\/machu-picchu-1024x697.jpg\" alt=\"\" class=\"wp-image-1398 size-full\" srcset=\"https:\/\/www.seniormagazin.sk\/wp-content\/uploads\/2026\/04\/machu-picchu-1024x697.jpg 1024w, https:\/\/www.seniormagazin.sk\/wp-content\/uploads\/2026\/04\/machu-picchu-300x204.jpg 300w, https:\/\/www.seniormagazin.sk\/wp-content\/uploads\/2026\/04\/machu-picchu-768x522.jpg 768w, https:\/\/www.seniormagazin.sk\/wp-content\/uploads\/2026\/04\/machu-picchu-1536x1045.jpg 1536w, https:\/\/www.seniormagazin.sk\/wp-content\/uploads\/2026\/04\/machu-picchu-2048x1393.jpg 2048w\" sizes=\"auto, (max-width: 1024px) 100vw, 1024px\" \/><\/figure><\/div>\n\n\n\n<figure class=\"wp-block-embed is-type-wp-embed is-provider-ares-distrib-cia-asopisov wp-block-embed-ares-distrib-cia-asopisov\"><div class=\"wp-block-embed__wrapper\">\n<blockquote class=\"wp-embedded-content\" data-secret=\"WotWrDms2u\"><a href=\"https:\/\/www.distribuciacasopisov.sk\/produkty\/casopisy-na-volny-cas\/senior-magazin\/\">Senior magaz\u00edn<\/a><\/blockquote><iframe loading=\"lazy\" class=\"wp-embedded-content\" sandbox=\"allow-scripts\" security=\"restricted\" style=\"position: absolute; visibility: hidden;\" title=\"&#8220;Senior magaz\u00edn&#8221; &#8212; ARES Distrib\u00facia \u010dasopisov\" src=\"https:\/\/www.distribuciacasopisov.sk\/produkty\/casopisy-na-volny-cas\/senior-magazin\/embed\/#?secret=rTPqqb7pdp#?secret=WotWrDms2u\" data-secret=\"WotWrDms2u\" width=\"600\" height=\"338\" frameborder=\"0\" marginwidth=\"0\" marginheight=\"0\" scrolling=\"no\"><\/iframe>\n<\/div><\/figure>\n","protected":false},"excerpt":{"rendered":"<p>Apr\u00edl 2026 Predpla\u0165te si Senior magaz\u00edn r\u00fdchlo a jednoducho! Ak\u00fd je moder\u00e1tor hlavn\u00fdch ve\u010dern\u00fdch nov\u00edn na STVR \u013dUBO BAJAN\u00cdK? Ako si spom\u00edna na svoje prv\u00e9 vysielanie, ak\u00e9 mal detstvo a\u00a0\u010do v\u0161etko ho zauj\u00edma? Pre\u010d\u00edtate si v\u00a0apr\u00edlovom vydan\u00ed Senior magaz\u00ednu. \u013dudsk\u00e9 telo sa po \u0161es\u0165desiatke sa za\u010d\u00edna meni\u0165. \u010clovek zrazu potrebuje viac odpo\u010dinku, svaly reaguj\u00fa pomal\u0161ie, &hellip; <\/p>\n","protected":false},"author":1,"featured_media":0,"parent":0,"menu_order":0,"comment_status":"closed","ping_status":"closed","template":"","meta":{"_monsterinsights_skip_tracking":false,"_monsterinsights_sitenote_active":false,"_monsterinsights_sitenote_note":"","_monsterinsights_sitenote_category":0,"footnotes":""},"class_list":["post-52","page","type-page","status-publish","hentry"],"_links":{"self":[{"href":"https:\/\/www.seniormagazin.sk\/index.php?rest_route=\/wp\/v2\/pages\/52","targetHints":{"allow":["GET"]}}],"collection":[{"href":"https:\/\/www.seniormagazin.sk\/index.php?rest_route=\/wp\/v2\/pages"}],"about":[{"href":"https:\/\/www.seniormagazin.sk\/index.php?rest_route=\/wp\/v2\/types\/page"}],"author":[{"embeddable":true,"href":"https:\/\/www.seniormagazin.sk\/index.php?rest_route=\/wp\/v2\/users\/1"}],"replies":[{"embeddable":true,"href":"https:\/\/www.seniormagazin.sk\/index.php?rest_route=%2Fwp%2Fv2%2Fcomments&post=52"}],"version-history":[{"count":5,"href":"https:\/\/www.seniormagazin.sk\/index.php?rest_route=\/wp\/v2\/pages\/52\/revisions"}],"predecessor-version":[{"id":1404,"href":"https:\/\/www.seniormagazin.sk\/index.php?rest_route=\/wp\/v2\/pages\/52\/revisions\/1404"}],"wp:attachment":[{"href":"https:\/\/www.seniormagazin.sk\/index.php?rest_route=%2Fwp%2Fv2%2Fmedia&parent=52"}],"curies":[{"name":"wp","href":"https:\/\/api.w.org\/{rel}","templated":true}]}}