{"id":49,"date":"2020-12-18T07:19:27","date_gmt":"2020-12-18T06:19:27","guid":{"rendered":"https:\/\/www.seniormagazin.sk\/?page_id=49"},"modified":"2025-12-16T17:30:37","modified_gmt":"2025-12-16T16:30:37","slug":"predplatne","status":"publish","type":"page","link":"https:\/\/www.seniormagazin.sk\/?page_id=49","title":{"rendered":"Predplatn\u00e9"},"content":{"rendered":"\n<p>Ako si m\u00f4\u017eete <strong>SENIOR MAGAZ\u00cdN<\/strong> predplati\u0165? Vyberte si mo\u017enos\u0165, ktor\u00e1 je pre V\u00e1s najpohodlnej\u0161ia. <\/p>\n\n\n\n<p class=\"has-light-green-cyan-background-color has-background\">V\u00fdhody predplatn\u00e9ho: \u010casopis budete dost\u00e1va\u0165 priamo domov a nemus\u00edte sledova\u0165, kedy vyjde nov\u00e9 \u010d\u00edslo a h\u013eada\u0165 ho, ke\u010f u\u017e bude \u010dasopis vypredan\u00fd. A hlavne \u2013 <strong>V PREDPLATNOM JE SENIOR MAGAZ\u00cdN LACNEJ\u0160\u00cd O 32 CENTOV<\/strong>. Cena jedn\u00e9ho \u010d\u00edsla v predplatnom je iba <strong>1,64 eur<\/strong>.<\/p>\n\n\n\n<ol class=\"wp-block-list\"><\/ol>\n\n\n\n<p><strong>Tu si m\u00f4\u017eete \u010dasopis predplati\u0165:<\/strong><\/p>\n\n\n\n<p><strong>ARES, distrib\u00facia \u010dasopisov<\/strong><br>on-line: na str\u00e1nke\u00a0<a href=\"http:\/\/www.distribuciacasopisov.sk\/\" target=\"_blank\" rel=\"noreferrer noopener\">www.distribuciacasopisov.sk<\/a><br>bezplatn\u00e1 telefonick\u00e1 linka: 0800 14 19 11<\/p>\n\n\n\n<p><strong>SLOVENSK\u00c1 PO\u0160TA<\/strong><br>e-mail:\u00a0<a href=\"mailto:predplatne@slposta.sk\" target=\"_blank\" rel=\"noreferrer noopener\">predplatne@slposta.sk<\/a><br>telef\u00f3n: 02\u00a0544 18\u00a0091<\/p>\n","protected":false},"excerpt":{"rendered":"<p>Ako si m\u00f4\u017eete SENIOR MAGAZ\u00cdN predplati\u0165? Vyberte si mo\u017enos\u0165, ktor\u00e1 je pre V\u00e1s najpohodlnej\u0161ia. V\u00fdhody predplatn\u00e9ho: \u010casopis budete dost\u00e1va\u0165 priamo domov a nemus\u00edte sledova\u0165, kedy vyjde nov\u00e9 \u010d\u00edslo a h\u013eada\u0165 ho, ke\u010f u\u017e bude \u010dasopis vypredan\u00fd. A hlavne \u2013 V PREDPLATNOM JE SENIOR MAGAZ\u00cdN LACNEJ\u0160\u00cd O 32 CENTOV. Cena jedn\u00e9ho \u010d\u00edsla v predplatnom je iba &hellip; <\/p>\n","protected":false},"author":1,"featured_media":0,"parent":0,"menu_order":0,"comment_status":"closed","ping_status":"closed","template":"","meta":{"_monsterinsights_skip_tracking":false,"_monsterinsights_sitenote_active":false,"_monsterinsights_sitenote_note":"","_monsterinsights_sitenote_category":0,"footnotes":""},"class_list":["post-49","page","type-page","status-publish","hentry"],"_links":{"self":[{"href":"https:\/\/www.seniormagazin.sk\/index.php?rest_route=\/wp\/v2\/pages\/49","targetHints":{"allow":["GET"]}}],"collection":[{"href":"https:\/\/www.seniormagazin.sk\/index.php?rest_route=\/wp\/v2\/pages"}],"about":[{"href":"https:\/\/www.seniormagazin.sk\/index.php?rest_route=\/wp\/v2\/types\/page"}],"author":[{"embeddable":true,"href":"https:\/\/www.seniormagazin.sk\/index.php?rest_route=\/wp\/v2\/users\/1"}],"replies":[{"embeddable":true,"href":"https:\/\/www.seniormagazin.sk\/index.php?rest_route=%2Fwp%2Fv2%2Fcomments&post=49"}],"version-history":[{"count":5,"href":"https:\/\/www.seniormagazin.sk\/index.php?rest_route=\/wp\/v2\/pages\/49\/revisions"}],"predecessor-version":[{"id":1337,"href":"https:\/\/www.seniormagazin.sk\/index.php?rest_route=\/wp\/v2\/pages\/49\/revisions\/1337"}],"wp:attachment":[{"href":"https:\/\/www.seniormagazin.sk\/index.php?rest_route=%2Fwp%2Fv2%2Fmedia&parent=49"}],"curies":[{"name":"wp","href":"https:\/\/api.w.org\/{rel}","templated":true}]}}